{"id":20,"date":"2019-09-26T14:27:17","date_gmt":"2019-09-26T14:27:17","guid":{"rendered":"http:\/\/leonfrej.pl\/?page_id=20"},"modified":"2019-11-21T22:06:55","modified_gmt":"2019-11-21T22:06:55","slug":"strona-glowna","status":"publish","type":"page","link":"https:\/\/leonfrej.pl\/","title":{"rendered":"STRONA  G\u0141\u00d3WNA"},"content":{"rendered":"\n<div class=\"wp-block-image\"><figure class=\"aligncenter\"><a href=\"www.siepomaga.pl\/leon-frej\" target=\"_blank\" rel=\"noreferrer noopener\"><img loading=\"lazy\" width=\"1024\" height=\"972\" src=\"https:\/\/leonfrej.pl\/wp-content\/uploads\/2019\/11\/76728906_2555690717995523_4458916789077671936_n-e1574373518953-1024x972.png\" alt=\"leon\" class=\"wp-image-136\" srcset=\"https:\/\/leonfrej.pl\/wp-content\/uploads\/2019\/11\/76728906_2555690717995523_4458916789077671936_n-e1574373518953-1024x972.png 1024w, https:\/\/leonfrej.pl\/wp-content\/uploads\/2019\/11\/76728906_2555690717995523_4458916789077671936_n-e1574373518953-300x285.png 300w, https:\/\/leonfrej.pl\/wp-content\/uploads\/2019\/11\/76728906_2555690717995523_4458916789077671936_n-e1574373518953-768x729.png 768w\" sizes=\"(max-width: 706px) 89vw, (max-width: 767px) 82vw, 740px\" \/><\/a><figcaption><a rel=\"noreferrer noopener\" aria-label=\" (otwiera si\u0119 na nowej zak\u0142adce)\" href=\"http:\/\/www.siepomaga.pl\/leon-frej\" target=\"_blank\">http:\/\/www.siepomaga.pl\/leon-frej<\/a><\/figcaption><\/figure><\/div>\n\n\n\n<h2>6 pa\u017adziernika <br><br>\u015awiatowy Dzie\u0144 M\u00f3zgowego Pora\u017cenia Dzieci\u0119cego<\/h2>\n\n\n\n<figure class=\"wp-block-image\"><img loading=\"lazy\" width=\"540\" height=\"540\" src=\"http:\/\/leonfrej.pl\/wp-content\/uploads\/2019\/10\/71929796_902927386760425_6864946322856738816_n-1.jpg\" alt=\"pora\u017cenie m\u00f3zgowe\" class=\"wp-image-126\" srcset=\"https:\/\/leonfrej.pl\/wp-content\/uploads\/2019\/10\/71929796_902927386760425_6864946322856738816_n-1.jpg 540w, https:\/\/leonfrej.pl\/wp-content\/uploads\/2019\/10\/71929796_902927386760425_6864946322856738816_n-1-150x150.jpg 150w, https:\/\/leonfrej.pl\/wp-content\/uploads\/2019\/10\/71929796_902927386760425_6864946322856738816_n-1-300x300.jpg 300w\" sizes=\"(max-width: 540px) 100vw, 540px\" \/><figcaption><a rel=\"noreferrer noopener\" aria-label=\"\u015awiatowy Dzie\u0144 M\u00f3zgowego Pora\u017cenia  (otwiera si\u0119 na nowej zak\u0142adce)\" href=\"https:\/\/matkagigantka.pl\/2019\/10\/05\/swiatowy-dzien-mozgowego-porazenia-dzieciecego\/\" target=\"_blank\">\u015awiatowy Dzie\u0144 M\u00f3zgowego Pora\u017cenia <\/a><\/figcaption><\/figure>\n\n\n\n<figure class=\"wp-block-image\"><img loading=\"lazy\" width=\"704\" height=\"1024\" src=\"http:\/\/leonfrej.pl\/wp-content\/uploads\/2019\/09\/20190430_110156-e1570360700397-704x1024.jpg\" alt=\"leo\u015b\" class=\"wp-image-6\" srcset=\"https:\/\/leonfrej.pl\/wp-content\/uploads\/2019\/09\/20190430_110156-e1570360700397-704x1024.jpg 704w, https:\/\/leonfrej.pl\/wp-content\/uploads\/2019\/09\/20190430_110156-e1570360700397-206x300.jpg 206w, https:\/\/leonfrej.pl\/wp-content\/uploads\/2019\/09\/20190430_110156-e1570360700397-768x1116.jpg 768w, https:\/\/leonfrej.pl\/wp-content\/uploads\/2019\/09\/20190430_110156-e1570360700397.jpg 1955w\" sizes=\"(max-width: 704px) 100vw, 704px\" \/><figcaption>leo\u015b<\/figcaption><\/figure>\n","protected":false},"excerpt":{"rendered":"<p>6 pa\u017adziernika \u015awiatowy Dzie\u0144 M\u00f3zgowego Pora\u017cenia Dzieci\u0119cego<\/p>\n","protected":false},"author":1,"featured_media":0,"parent":0,"menu_order":0,"comment_status":"closed","ping_status":"closed","template":"","meta":[],"_links":{"self":[{"href":"https:\/\/leonfrej.pl\/index.php\/wp-json\/wp\/v2\/pages\/20"}],"collection":[{"href":"https:\/\/leonfrej.pl\/index.php\/wp-json\/wp\/v2\/pages"}],"about":[{"href":"https:\/\/leonfrej.pl\/index.php\/wp-json\/wp\/v2\/types\/page"}],"author":[{"embeddable":true,"href":"https:\/\/leonfrej.pl\/index.php\/wp-json\/wp\/v2\/users\/1"}],"replies":[{"embeddable":true,"href":"https:\/\/leonfrej.pl\/index.php\/wp-json\/wp\/v2\/comments?post=20"}],"version-history":[{"count":9,"href":"https:\/\/leonfrej.pl\/index.php\/wp-json\/wp\/v2\/pages\/20\/revisions"}],"predecessor-version":[{"id":137,"href":"https:\/\/leonfrej.pl\/index.php\/wp-json\/wp\/v2\/pages\/20\/revisions\/137"}],"wp:attachment":[{"href":"https:\/\/leonfrej.pl\/index.php\/wp-json\/wp\/v2\/media?parent=20"}],"curies":[{"name":"wp","href":"https:\/\/api.w.org\/{rel}","templated":true}]}}